{"id":2385,"date":"2022-06-13T18:23:03","date_gmt":"2022-06-13T18:23:03","guid":{"rendered":"https:\/\/bcch.ch\/nuestro-enfoque\/"},"modified":"2022-10-04T17:12:25","modified_gmt":"2022-10-04T17:12:25","slug":"nuestro-enfoque","status":"publish","type":"page","link":"https:\/\/bcch.ch\/es\/bienes-raices\/nuestro-enfoque\/","title":{"rendered":"Nuestro enfoque"},"content":{"rendered":"\t\t<div data-elementor-type=\"wp-page\" data-elementor-id=\"2385\" class=\"elementor elementor-2385 elementor-690\">\n\t\t\t\t\t\t\t\t\t<section class=\"elementor-section elementor-top-section elementor-element elementor-element-c406f1c elementor-section-height-min-height kenimage elementor-section-boxed elementor-section-height-default elementor-section-items-middle\" data-id=\"c406f1c\" data-element_type=\"section\" data-settings=\"{&quot;jet_parallax_layout_list&quot;:[],&quot;background_background&quot;:&quot;classic&quot;}\">\n\t\t\t\t\t\t\t<div class=\"elementor-background-overlay\"><\/div>\n\t\t\t\t\t\t\t<div class=\"elementor-container elementor-column-gap-no\">\n\t\t\t\t\t<div class=\"elementor-column elementor-col-50 elementor-top-column elementor-element elementor-element-f4d815f animated-slow elementor-invisible\" data-id=\"f4d815f\" data-element_type=\"column\" data-settings=\"{&quot;background_background&quot;:&quot;classic&quot;,&quot;animation&quot;:&quot;fadeInUp&quot;}\">\n\t\t\t<div class=\"elementor-widget-wrap elementor-element-populated\">\n\t\t\t\t\t\t\t\t<div class=\"elementor-element elementor-element-028799a elementor-widget elementor-widget-heading\" data-id=\"028799a\" data-element_type=\"widget\" data-widget_type=\"heading.default\">\n\t\t\t\t<div class=\"elementor-widget-container\">\n\t\t\t<h1 class=\"elementor-heading-title elementor-size-default\">Bienes ra\u00edces<\/h1>\t\t<\/div>\n\t\t\t\t<\/div>\n\t\t\t\t<div class=\"elementor-element elementor-element-6eb544c elementor-widget elementor-widget-heading\" data-id=\"6eb544c\" data-element_type=\"widget\" data-widget_type=\"heading.default\">\n\t\t\t\t<div class=\"elementor-widget-container\">\n\t\t\t<h2 class=\"elementor-heading-title elementor-size-default\">Nuestro enfoque<\/h2>\t\t<\/div>\n\t\t\t\t<\/div>\n\t\t\t\t<div class=\"elementor-element elementor-element-3c97e89 elementor-widget elementor-widget-heading\" data-id=\"3c97e89\" data-element_type=\"widget\" data-widget_type=\"heading.default\">\n\t\t\t\t<div class=\"elementor-widget-container\">\n\t\t\t<h3 class=\"elementor-heading-title elementor-size-default\">Globales. L\u00edderes. Primeros.<\/h3>\t\t<\/div>\n\t\t\t\t<\/div>\n\t\t\t\t\t<\/div>\n\t\t<\/div>\n\t\t\t\t<div class=\"elementor-column elementor-col-50 elementor-top-column elementor-element elementor-element-f236140 elementor-hidden-mobile\" data-id=\"f236140\" data-element_type=\"column\">\n\t\t\t<div class=\"elementor-widget-wrap\">\n\t\t\t\t\t\t\t\t\t<\/div>\n\t\t<\/div>\n\t\t\t\t\t\t\t<\/div>\n\t\t<\/section>\n\t\t\t\t<section class=\"elementor-section elementor-top-section elementor-element elementor-element-7caa54c elementor-hidden-tablet elementor-hidden-mobile elementor-section-boxed elementor-section-height-default elementor-section-height-default\" data-id=\"7caa54c\" data-element_type=\"section\" data-settings=\"{&quot;jet_parallax_layout_list&quot;:[],&quot;background_background&quot;:&quot;classic&quot;}\">\n\t\t\t\t\t\t<div class=\"elementor-container elementor-column-gap-no\">\n\t\t\t\t\t<div class=\"elementor-column elementor-col-100 elementor-top-column elementor-element elementor-element-b51a591\" data-id=\"b51a591\" data-element_type=\"column\">\n\t\t\t<div class=\"elementor-widget-wrap elementor-element-populated\">\n\t\t\t\t\t\t\t\t<div class=\"elementor-element elementor-element-115f600 elementor-nav-menu--dropdown-tablet elementor-nav-menu__text-align-aside elementor-nav-menu--toggle elementor-nav-menu--burger elementor-widget elementor-widget-nav-menu\" data-id=\"115f600\" data-element_type=\"widget\" data-settings=\"{&quot;layout&quot;:&quot;horizontal&quot;,&quot;submenu_icon&quot;:{&quot;value&quot;:&quot;&lt;i class=\\&quot;fas fa-caret-down\\&quot;&gt;&lt;\\\/i&gt;&quot;,&quot;library&quot;:&quot;fa-solid&quot;},&quot;toggle&quot;:&quot;burger&quot;}\" data-widget_type=\"nav-menu.default\">\n\t\t\t\t<div class=\"elementor-widget-container\">\n\t\t\t\t\t\t<nav migration_allowed=\"1\" migrated=\"0\" role=\"navigation\" class=\"elementor-nav-menu--main elementor-nav-menu__container elementor-nav-menu--layout-horizontal e--pointer-underline e--animation-fade\">\n\t\t\t\t<ul id=\"menu-1-115f600\" class=\"elementor-nav-menu\"><li class=\"menu-item menu-item-type-post_type menu-item-object-page menu-item-2684\"><a href=\"https:\/\/bcch.ch\/es\/bienes-raices\/resumen\/\" class=\"elementor-item\">Resumen<\/a><\/li>\n<li class=\"menu-item menu-item-type-post_type menu-item-object-page menu-item-2685\"><a href=\"https:\/\/bcch.ch\/es\/bienes-raices\/nuestra-vision-y-etica\/\" class=\"elementor-item\">Nuestra visi\u00f3n y \u00e9tica<\/a><\/li>\n<li class=\"menu-item menu-item-type-post_type menu-item-object-page menu-item-2686\"><a href=\"https:\/\/bcch.ch\/es\/bienes-raices\/nuestro-enfoque\/\" class=\"elementor-item\">Nuestro enfoque<\/a><\/li>\n<li class=\"menu-item menu-item-type-post_type menu-item-object-page menu-item-2687\"><a href=\"https:\/\/bcch.ch\/es\/bienes-raices\/como-lo-hacemos\/\" class=\"elementor-item\">C\u00f3mo lo hacemos<\/a><\/li>\n<li class=\"menu-item menu-item-type-post_type menu-item-object-page menu-item-2691\"><a href=\"https:\/\/bcch.ch\/es\/bienes-raices\/nuestros-socios\/\" class=\"elementor-item\">Nuestros socios<\/a><\/li>\n<\/ul>\t\t\t<\/nav>\n\t\t\t\t\t<div class=\"elementor-menu-toggle\" role=\"button\" tabindex=\"0\" aria-label=\"Alternar men\u00fa\" aria-expanded=\"false\">\n\t\t\t<i aria-hidden=\"true\" role=\"presentation\" class=\"elementor-menu-toggle__icon--open eicon-menu-bar\"><\/i><i aria-hidden=\"true\" role=\"presentation\" class=\"elementor-menu-toggle__icon--close eicon-close\"><\/i>\t\t\t<span class=\"elementor-screen-only\">Men\u00fa<\/span>\n\t\t<\/div>\n\t\t\t<nav class=\"elementor-nav-menu--dropdown elementor-nav-menu__container\" role=\"navigation\" aria-hidden=\"true\">\n\t\t\t\t<ul id=\"menu-2-115f600\" class=\"elementor-nav-menu\"><li class=\"menu-item menu-item-type-post_type menu-item-object-page menu-item-2684\"><a href=\"https:\/\/bcch.ch\/es\/bienes-raices\/resumen\/\" class=\"elementor-item\" tabindex=\"-1\">Resumen<\/a><\/li>\n<li class=\"menu-item menu-item-type-post_type menu-item-object-page menu-item-2685\"><a href=\"https:\/\/bcch.ch\/es\/bienes-raices\/nuestra-vision-y-etica\/\" class=\"elementor-item\" tabindex=\"-1\">Nuestra visi\u00f3n y \u00e9tica<\/a><\/li>\n<li class=\"menu-item menu-item-type-post_type menu-item-object-page menu-item-2686\"><a href=\"https:\/\/bcch.ch\/es\/bienes-raices\/nuestro-enfoque\/\" class=\"elementor-item\" tabindex=\"-1\">Nuestro enfoque<\/a><\/li>\n<li class=\"menu-item menu-item-type-post_type menu-item-object-page menu-item-2687\"><a href=\"https:\/\/bcch.ch\/es\/bienes-raices\/como-lo-hacemos\/\" class=\"elementor-item\" tabindex=\"-1\">C\u00f3mo lo hacemos<\/a><\/li>\n<li class=\"menu-item menu-item-type-post_type menu-item-object-page menu-item-2691\"><a href=\"https:\/\/bcch.ch\/es\/bienes-raices\/nuestros-socios\/\" class=\"elementor-item\" tabindex=\"-1\">Nuestros socios<\/a><\/li>\n<\/ul>\t\t\t<\/nav>\n\t\t\t\t<\/div>\n\t\t\t\t<\/div>\n\t\t\t\t\t<\/div>\n\t\t<\/div>\n\t\t\t\t\t\t\t<\/div>\n\t\t<\/section>\n\t\t\t\t<section class=\"elementor-section elementor-top-section elementor-element elementor-element-5d7e662 elementor-section-boxed elementor-section-height-default elementor-section-height-default\" data-id=\"5d7e662\" data-element_type=\"section\" data-settings=\"{&quot;jet_parallax_layout_list&quot;:[],&quot;background_background&quot;:&quot;classic&quot;}\">\n\t\t\t\t\t\t<div class=\"elementor-container elementor-column-gap-no\">\n\t\t\t\t\t<div class=\"elementor-column elementor-col-100 elementor-top-column elementor-element elementor-element-2e2c3d9\" data-id=\"2e2c3d9\" data-element_type=\"column\">\n\t\t\t<div class=\"elementor-widget-wrap elementor-element-populated\">\n\t\t\t\t\t\t\t\t<div class=\"elementor-element elementor-element-3427ea5 elementor-widget elementor-widget-text-editor\" data-id=\"3427ea5\" data-element_type=\"widget\" data-widget_type=\"text-editor.default\">\n\t\t\t\t<div class=\"elementor-widget-container\">\n\t\t\t\t\t\t\t<p>Aprovechamos nuestro profundo conocimiento de los mercados inmobiliarios europeos y asi\u00e1ticos y nuestra amplia base de contactos para identificar edificios y solares en desarrollo con una o ambas de las siguientes caracter\u00edsticas:<\/p>\n\t\t\t\t\t\t<\/div>\n\t\t\t\t<\/div>\n\t\t\t\t\t<\/div>\n\t\t<\/div>\n\t\t\t\t\t\t\t<\/div>\n\t\t<\/section>\n\t\t\t\t<section class=\"elementor-section elementor-top-section elementor-element elementor-element-c52b5bc elementor-section-boxed elementor-section-height-default elementor-section-height-default\" data-id=\"c52b5bc\" data-element_type=\"section\" data-settings=\"{&quot;jet_parallax_layout_list&quot;:[],&quot;background_background&quot;:&quot;classic&quot;}\">\n\t\t\t\t\t\t<div class=\"elementor-container elementor-column-gap-no\">\n\t\t\t\t\t<div class=\"elementor-column elementor-col-100 elementor-top-column elementor-element elementor-element-7f04947\" data-id=\"7f04947\" data-element_type=\"column\">\n\t\t\t<div class=\"elementor-widget-wrap elementor-element-populated\">\n\t\t\t\t\t\t\t\t<div class=\"elementor-element elementor-element-1255732 elementor-widget elementor-widget-image\" data-id=\"1255732\" data-element_type=\"widget\" data-widget_type=\"image.default\">\n\t\t\t\t<div class=\"elementor-widget-container\">\n\t\t\t\t\t\t\t\t\t\t\t\t\t\t\t<img decoding=\"async\" width=\"800\" height=\"534\" src=\"https:\/\/bcch.ch\/wp-content\/uploads\/2022\/07\/iStock-155284228-1024x683.jpg\" class=\"attachment-large size-large\" alt=\"\" loading=\"lazy\" srcset=\"https:\/\/bcch.ch\/wp-content\/uploads\/2022\/07\/iStock-155284228-1024x683.jpg 1024w, https:\/\/bcch.ch\/wp-content\/uploads\/2022\/07\/iStock-155284228-300x200.jpg 300w, https:\/\/bcch.ch\/wp-content\/uploads\/2022\/07\/iStock-155284228-768x512.jpg 768w, https:\/\/bcch.ch\/wp-content\/uploads\/2022\/07\/iStock-155284228-1536x1024.jpg 1536w, https:\/\/bcch.ch\/wp-content\/uploads\/2022\/07\/iStock-155284228-2048x1365.jpg 2048w\" sizes=\"(max-width: 800px) 100vw, 800px\" \/>\t\t\t\t\t\t\t\t\t\t\t\t\t\t\t<\/div>\n\t\t\t\t<\/div>\n\t\t\t\t<div class=\"elementor-element elementor-element-e43a2af elementor-widget__width-initial elementor-widget elementor-widget-text-editor\" data-id=\"e43a2af\" data-element_type=\"widget\" data-widget_type=\"text-editor.default\">\n\t\t\t\t<div class=\"elementor-widget-container\">\n\t\t\t\t\t\t\t<p>Oportunidades que nos permiten aplicar nuestra experiencia en la gesti\u00f3n de activos para generar valor. Aplicamos un pensamiento claro y estrat\u00e9gico junto con una gesti\u00f3n pr\u00e1ctica para aumentar el valor de los activos que desarrollamos y gestionamos.<\/p>\n\t\t\t\t\t\t<\/div>\n\t\t\t\t<\/div>\n\t\t\t\t\t<\/div>\n\t\t<\/div>\n\t\t\t\t\t\t\t<\/div>\n\t\t<\/section>\n\t\t\t\t<section class=\"elementor-section elementor-top-section elementor-element elementor-element-df88e28 elementor-section-boxed elementor-section-height-default elementor-section-height-default\" data-id=\"df88e28\" data-element_type=\"section\" data-settings=\"{&quot;jet_parallax_layout_list&quot;:[],&quot;background_background&quot;:&quot;classic&quot;}\">\n\t\t\t\t\t\t<div class=\"elementor-container elementor-column-gap-no\">\n\t\t\t\t\t<div class=\"elementor-column elementor-col-100 elementor-top-column elementor-element elementor-element-7b9fd43\" data-id=\"7b9fd43\" data-element_type=\"column\">\n\t\t\t<div class=\"elementor-widget-wrap elementor-element-populated\">\n\t\t\t\t\t\t\t\t<div class=\"elementor-element elementor-element-5c69cdf elementor-widget elementor-widget-image\" data-id=\"5c69cdf\" data-element_type=\"widget\" data-widget_type=\"image.default\">\n\t\t\t\t<div class=\"elementor-widget-container\">\n\t\t\t\t\t\t\t\t\t\t\t\t\t\t\t<img decoding=\"async\" width=\"800\" height=\"450\" src=\"https:\/\/bcch.ch\/wp-content\/uploads\/2022\/07\/Tannay-84-1024x576.jpg\" class=\"attachment-large size-large\" alt=\"\" loading=\"lazy\" srcset=\"https:\/\/bcch.ch\/wp-content\/uploads\/2022\/07\/Tannay-84-1024x576.jpg 1024w, https:\/\/bcch.ch\/wp-content\/uploads\/2022\/07\/Tannay-84-300x169.jpg 300w, https:\/\/bcch.ch\/wp-content\/uploads\/2022\/07\/Tannay-84-768x432.jpg 768w, https:\/\/bcch.ch\/wp-content\/uploads\/2022\/07\/Tannay-84-1536x864.jpg 1536w, https:\/\/bcch.ch\/wp-content\/uploads\/2022\/07\/Tannay-84-2048x1152.jpg 2048w\" sizes=\"(max-width: 800px) 100vw, 800px\" \/>\t\t\t\t\t\t\t\t\t\t\t\t\t\t\t<\/div>\n\t\t\t\t<\/div>\n\t\t\t\t<div class=\"elementor-element elementor-element-07a00e5 elementor-widget__width-initial elementor-widget elementor-widget-text-editor\" data-id=\"07a00e5\" data-element_type=\"widget\" data-widget_type=\"text-editor.default\">\n\t\t\t\t<div class=\"elementor-widget-container\">\n\t\t\t\t\t\t\t<p>Oportunidades que ofrecen un potencial de \u00abcrecimiento superior a la media\u00bb. Esto puede deberse a la evoluci\u00f3n de las caracter\u00edsticas de la oferta y la demanda en un sector o de un submercado concreto, al aumento de la inversi\u00f3n en infraestructuras locales o al cambio de las tendencias sociales o demogr\u00e1ficas.<\/p>\n\t\t\t\t\t\t<\/div>\n\t\t\t\t<\/div>\n\t\t\t\t\t<\/div>\n\t\t<\/div>\n\t\t\t\t\t\t\t<\/div>\n\t\t<\/section>\n\t\t\t\t\t\t\t<\/div>\n\t\t","protected":false},"excerpt":{"rendered":"<p>Bienes ra\u00edces Nuestro enfoque Globales. L\u00edderes. Primeros. Aprovechamos nuestro profundo conocimiento de los mercados inmobiliarios europeos y asi\u00e1ticos y nuestra amplia base de contactos para identificar edificios y solares en desarrollo con una o ambas de las siguientes caracter\u00edsticas: Oportunidades que nos permiten aplicar nuestra experiencia en la gesti\u00f3n de activos para generar valor. Aplicamos [&hellip;]<\/p>\n","protected":false},"author":1,"featured_media":0,"parent":2466,"menu_order":2,"comment_status":"closed","ping_status":"closed","template":"elementor_header_footer","meta":[],"_links":{"self":[{"href":"https:\/\/bcch.ch\/es\/wp-json\/wp\/v2\/pages\/2385"}],"collection":[{"href":"https:\/\/bcch.ch\/es\/wp-json\/wp\/v2\/pages"}],"about":[{"href":"https:\/\/bcch.ch\/es\/wp-json\/wp\/v2\/types\/page"}],"author":[{"embeddable":true,"href":"https:\/\/bcch.ch\/es\/wp-json\/wp\/v2\/users\/1"}],"replies":[{"embeddable":true,"href":"https:\/\/bcch.ch\/es\/wp-json\/wp\/v2\/comments?post=2385"}],"version-history":[{"count":3,"href":"https:\/\/bcch.ch\/es\/wp-json\/wp\/v2\/pages\/2385\/revisions"}],"predecessor-version":[{"id":2388,"href":"https:\/\/bcch.ch\/es\/wp-json\/wp\/v2\/pages\/2385\/revisions\/2388"}],"up":[{"embeddable":true,"href":"https:\/\/bcch.ch\/es\/wp-json\/wp\/v2\/pages\/2466"}],"wp:attachment":[{"href":"https:\/\/bcch.ch\/es\/wp-json\/wp\/v2\/media?parent=2385"}],"curies":[{"name":"wp","href":"https:\/\/api.w.org\/{rel}","templated":true}]}}