{"id":2530,"date":"2022-06-13T13:27:27","date_gmt":"2022-06-13T13:27:27","guid":{"rendered":"https:\/\/bcch.ch\/allgemeine-geschaeftsbedingungen\/"},"modified":"2022-10-12T22:24:09","modified_gmt":"2022-10-12T22:24:09","slug":"allgemeine-geschaeftsbedingungen","status":"publish","type":"page","link":"https:\/\/bcch.ch\/de\/allgemeine-geschaeftsbedingungen\/","title":{"rendered":"Bedingungen und Konditionen"},"content":{"rendered":"\t\t<div data-elementor-type=\"wp-page\" data-elementor-id=\"2530\" class=\"elementor elementor-2530 elementor-315\">\n\t\t\t\t\t\t\t\t\t<section class=\"elementor-section elementor-top-section elementor-element elementor-element-9134715 elementor-section-height-min-height kenimage elementor-section-boxed elementor-section-height-default elementor-section-items-middle\" data-id=\"9134715\" data-element_type=\"section\" data-settings=\"{&quot;jet_parallax_layout_list&quot;:[]}\">\n\t\t\t\t\t\t\t<div class=\"elementor-background-overlay\"><\/div>\n\t\t\t\t\t\t\t<div class=\"elementor-container elementor-column-gap-no\">\n\t\t\t\t\t<div class=\"elementor-column elementor-col-50 elementor-top-column elementor-element elementor-element-49c6858 animated-slow elementor-invisible\" data-id=\"49c6858\" data-element_type=\"column\" data-settings=\"{&quot;background_background&quot;:&quot;classic&quot;,&quot;animation&quot;:&quot;fadeInUp&quot;}\">\n\t\t\t<div class=\"elementor-widget-wrap elementor-element-populated\">\n\t\t\t\t\t\t\t\t<div class=\"elementor-element elementor-element-67e3ab2 elementor-widget elementor-widget-heading\" data-id=\"67e3ab2\" data-element_type=\"widget\" data-widget_type=\"heading.default\">\n\t\t\t\t<div class=\"elementor-widget-container\">\n\t\t\t<h1 class=\"elementor-heading-title elementor-size-default\">\u00dcber die BCCH-Gruppe<\/h1>\t\t<\/div>\n\t\t\t\t<\/div>\n\t\t\t\t<div class=\"elementor-element elementor-element-279478e elementor-widget elementor-widget-heading\" data-id=\"279478e\" data-element_type=\"widget\" data-widget_type=\"heading.default\">\n\t\t\t\t<div class=\"elementor-widget-container\">\n\t\t\t<h2 class=\"elementor-heading-title elementor-size-default\">Bedingungen und Konditionen<\/h2>\t\t<\/div>\n\t\t\t\t<\/div>\n\t\t\t\t<div class=\"elementor-element elementor-element-8b464b2 elementor-widget elementor-widget-heading\" data-id=\"8b464b2\" data-element_type=\"widget\" data-widget_type=\"heading.default\">\n\t\t\t\t<div class=\"elementor-widget-container\">\n\t\t\t<h3 class=\"elementor-heading-title elementor-size-default\">Global. F\u00fchrend. Erstklassig.<\/h3>\t\t<\/div>\n\t\t\t\t<\/div>\n\t\t\t\t\t<\/div>\n\t\t<\/div>\n\t\t\t\t<div class=\"elementor-column elementor-col-50 elementor-top-column elementor-element elementor-element-d6d2c95 elementor-hidden-mobile\" data-id=\"d6d2c95\" data-element_type=\"column\">\n\t\t\t<div class=\"elementor-widget-wrap\">\n\t\t\t\t\t\t\t\t\t<\/div>\n\t\t<\/div>\n\t\t\t\t\t\t\t<\/div>\n\t\t<\/section>\n\t\t\t\t<section class=\"elementor-section elementor-top-section elementor-element elementor-element-a8587eb elementor-section-boxed elementor-section-height-default elementor-section-height-default\" data-id=\"a8587eb\" data-element_type=\"section\" data-settings=\"{&quot;jet_parallax_layout_list&quot;:[],&quot;background_background&quot;:&quot;classic&quot;}\">\n\t\t\t\t\t\t<div class=\"elementor-container elementor-column-gap-no\">\n\t\t\t\t\t<div class=\"elementor-column elementor-col-100 elementor-top-column elementor-element elementor-element-7fd5567\" data-id=\"7fd5567\" data-element_type=\"column\">\n\t\t\t<div class=\"elementor-widget-wrap elementor-element-populated\">\n\t\t\t\t\t\t\t\t<div class=\"elementor-element elementor-element-b931f00 elementor-widget__width-initial elementor-widget elementor-widget-heading\" data-id=\"b931f00\" data-element_type=\"widget\" data-widget_type=\"heading.default\">\n\t\t\t\t<div class=\"elementor-widget-container\">\n\t\t\t<h2 class=\"elementor-heading-title elementor-size-default\">\nBedingungen und Konditionen <\/h2>\t\t<\/div>\n\t\t\t\t<\/div>\n\t\t\t\t<div class=\"elementor-element elementor-element-8f9199e elementor-widget-divider--view-line elementor-widget elementor-widget-divider\" data-id=\"8f9199e\" data-element_type=\"widget\" data-widget_type=\"divider.default\">\n\t\t\t\t<div class=\"elementor-widget-container\">\n\t\t\t\t\t<div class=\"elementor-divider\">\n\t\t\t<span class=\"elementor-divider-separator\">\n\t\t\t\t\t\t<\/span>\n\t\t<\/div>\n\t\t\t\t<\/div>\n\t\t\t\t<\/div>\n\t\t\t\t\t<\/div>\n\t\t<\/div>\n\t\t\t\t\t\t\t<\/div>\n\t\t<\/section>\n\t\t\t\t<section class=\"elementor-section elementor-top-section elementor-element elementor-element-221da23 elementor-section-boxed elementor-section-height-default elementor-section-height-default\" data-id=\"221da23\" data-element_type=\"section\" data-settings=\"{&quot;jet_parallax_layout_list&quot;:[],&quot;background_background&quot;:&quot;classic&quot;}\">\n\t\t\t\t\t\t<div class=\"elementor-container elementor-column-gap-no\">\n\t\t\t\t\t<div class=\"elementor-column elementor-col-100 elementor-top-column elementor-element elementor-element-f79d98a\" data-id=\"f79d98a\" data-element_type=\"column\">\n\t\t\t<div class=\"elementor-widget-wrap elementor-element-populated\">\n\t\t\t\t\t\t\t\t<div class=\"elementor-element elementor-element-ab2c591 elementor-widget elementor-widget-text-editor\" data-id=\"ab2c591\" data-element_type=\"widget\" data-widget_type=\"text-editor.default\">\n\t\t\t\t<div class=\"elementor-widget-container\">\n\t\t\t\t\t\t\t<p>BCCH Group Switzerland AG Schweiz, BCCH Group Switzerland AG SA Frankreich, BCCH Group Switzerland AG SRL Rum\u00e4nien sind Teil der BCCH Group Switzerland AG, einer Organisation, die sich auf die Vermittlung des Verkaufs von Kraftfahrzeugen, Finanzierungsdienstleistungen f\u00fcr den Erwerb von Fahrzeugen und Autovermietungsdienstleistungen spezialisiert hat. Unser Ziel ist es, unseren Kunden und Lieferanten hervorragende Dienstleistungen zu bieten.<br \/><b><br \/><\/b><\/p>\n<p><b>Bedingungen und Konditionen<\/b><\/p>\n<p>1<b>. Allgemeine Nutzungsbedingungen der Website<\/b><\/p>\n<p>Durch Ihren Zugriff auf und Ihre Nutzung der Website &#8222;www.bcch.ch&#8220; erkl\u00e4ren Sie sich stillschweigend und bedingungslos mit diesen Zugriffs- und Nutzungsbedingungen einverstanden, die Vorrang vor jeglichen Vereinbarungen haben, die Sie mit verbundenen Unternehmen mit gemeinsamen Anteilseignern, die unter der Marke BCCH Group Switzerland AG zusammengefasst sind, haben.<\/p>\n<p>Die verbundenen Unternehmen mit gemeinsamen Anteilseignern, die unter der Marke BCCH Group Switzerland AG zusammengefasst sind, \u00fcbernehmen keine Verantwortung f\u00fcr die Richtigkeit dieser Informationen, dennoch verpflichten sie sich, alle notwendigen Anstrengungen zu unternehmen, damit die Informationen auf der Website so korrekt und aktuell wie m\u00f6glich sind.<\/p>\n<p>Die verbundenen Unternehmen mit gemeinsamen Anteilseignern, die unter der Marke BCCH Group Switzerland AG zusammengefasst sind, \u00fcbernehmen keine Verantwortung f\u00fcr die Richtigkeit dieser Informationen, dennoch verpflichten sie sich, alle notwendigen Anstrengungen zu unternehmen, damit die Informationen auf der Website so korrekt und aktuell wie m\u00f6glich sind.<\/p>\n<p><b>2. Geistige Eigentumsrechte<\/b><\/p>\n<p><b>2.1. Urheberrecht<\/b><\/p>\n<p>Die BCCH Group Switzerland AG ist der Urheber dieser Website, alle Rechte sind ihr vorbehalten. Alle Informationen, Texte, Fotografien, Slogans, Zeichnungen, Bilder, Tonsequenzen sowie alle in die Website integrierten Werke sind Eigentum der BCCH Group Switzerland AG oder von Dritten, die die BCCH Group Switzerland AG zur Nutzung autorisiert haben.<\/p>\n<p>Die Inhalte und Grafiken dieser Website, einschlie\u00dflich &#8211; aber nicht beschr\u00e4nkt auf &#8211; alle Inhalte im Textformat sowie alle technischen Ressourcen aller gegenw\u00e4rtigen und zuk\u00fcnftigen Dienste und Tools, sofern nicht ausdr\u00fccklich ein anderer Eigent\u00fcmer genannt wird; die Quellen der Seiten \/ Abschnitte, aber auch alle anderen Inhalte, die in irgendeiner Form an \/ und Nutzer (durch direkten Aufruf der Website, durch Newsletter usw.) \u00fcbermittelt werden, die der BCCH Group Switzerland AG geh\u00f6ren, sind deren Eigentum.<\/p>\n<p>Die vollst\u00e4ndige oder teilweise Vervielf\u00e4ltigung der auf der Website &#8222;www.bcch.ch&#8220; enthaltenen Inhalte auf gedruckten oder digitalen Datentr\u00e4gern ist erlaubt, sofern sie ausschlie\u00dflich f\u00fcr den pers\u00f6nlichen Gebrauch erfolgt und jegliche Nutzung zu Werbe- und\/oder Handels- und\/oder Informationszwecken ausgeschlossen ist, um die gesetzlichen Bestimmungen zum geistigen Eigentum einzuhalten.<\/p>\n<p>Es ist ausdr\u00fccklich untersagt, diese Website zum Zweck der Zerst\u00f6rung oder Manipulation von Inhalten oder deren Sicherheit oder zum Zweck der Diskreditierung oder Bel\u00e4stigung von verbundenen Unternehmen mit gemeinsamen Aktion\u00e4ren, die unter der Marke BCCH Group Switzerland AG zusammengefasst sind, zu nutzen. Jede derartige Handlung kann eine Straftat darstellen, die gem\u00e4\u00df den geltenden Gesetzen bestraft wird.<\/p>\n<p>Antr\u00e4ge auf Nutzung des Inhalts der Website zu anderen als pers\u00f6nlichen Zwecken k\u00f6nnen schriftlich an die E-Mail-Adresse office@bcch.ch gerichtet werden.<\/p>\n<p><b>2.2. Markenrechte<\/b><\/p>\n<p>Der Name BCCH GROUP SWITZERLAND AG und das Logo BCCH GROUP SWITZERLAND AG sind eingetragene Marken der BCCH Group Switzerland AG.<\/p>\n<p>Die Reproduktion, Nachahmung, Nutzung oder Anwendung dieser M\u00e4rkte ohne vorherige Einholung einer vom Markeninhaber ausgestellten Genehmigung stellt eine Verletzung der Markenrechte dar und wird nach geltendem Recht bestraft.<\/p>\n<p><b>3. Informationen zu Produkten und Dienstleistungen<\/b><\/p>\n<p>Der Gegenstand der Website &#8218;&#8220; www.bcch.ch&#8220; ist die allgemeine Pr\u00e4sentation und F\u00f6rderung des Produkt- und Dienstleistungsangebots der verbundenen Unternehmen mit gemeinsamen Aktion\u00e4ren, die unter der Marke BCCH Group Switzerland AG vereint sind.<\/p>\n<p>Die BCCH Group Switzerland AG beh\u00e4lt sich das Recht vor, die Informationen auf dieser Website, einschlie\u00dflich der Informationen \u00fcber Modelle, technische Daten, serienm\u00e4\u00dfige oder optionale Ausstattung und Preise, jederzeit ohne vorherige Ank\u00fcndigung unter Ber\u00fccksichtigung des interaktiven Charakters der Website zu \u00e4ndern, ohne dass die BCCH Group Switzerland AG, ihre Netzwerkmitglieder oder ihre Angestellten f\u00fcr solche \u00c4nderungen haftbar gemacht werden k\u00f6nnen.<\/p>\n<p>Die Nutzer erkennen an und akzeptieren bedingungslos, dass die auf der Website vorhandenen Informationen nicht als endg\u00fcltiges Angebot von Produkten oder Dienstleistungen der unter der Marke BCCH Group Switzerland AG zusammengeschlossenen Unternehmen mit gemeinsamen Anteilen angesehen werden k\u00f6nnen und d\u00fcrfen.<\/p>\n<p>Die Informationen, die auf der Website ver\u00f6ffentlicht werden, haben lediglich informativen Charakter und sind daher nicht als vertragliches Angebot der Produkte und Dienstleistungen zu betrachten, die von den unter der Marke BCCH Group Switzerland AG zusammengeschlossenen Unternehmen, die \u00fcber eine gemeinsame Beteiligung verf\u00fcgen, angeboten werden.<\/p>\n<p><b>4. Pers\u00f6nliche Daten<\/b><\/p>\n<p>F\u00fcr weitere Informationen \u00fcber die Verarbeitung personenbezogener Daten lesen Sie bitte den Abschnitt Rechtliche Hinweise und Datenschutzrichtlinie.<\/p>\n<p><b>5.Nicht-personenbezogene Daten<\/b><\/p>\n<p>Die nicht-personenbezogenen Daten, welche Sie uns mitteilen und die sich auf Vorlieben, Hauptinteressen und Ihre Leidenschaften beziehen, werden verwendet, um Ihnen Produkte und Dienstleistungen anzubieten, die Ihren Vorlieben entsprechen.<\/p>\n<p>Wir haben die M\u00f6glichkeit, Informationen automatisch zu erhalten, diese k\u00f6nnen jedoch keinesfalls mit einer bestimmten Person in Verbindung gebracht werden.<\/p>\n<p>Diese Informationen betreffen die Art der von Ihnen verwendeten Suchmaschine, die Plattform Ihres Computers und den Namen der Domain, \u00fcber die Sie auf unsere Website zugreifen.<\/p>\n<p><b>6.Einschr\u00e4nkung der Rechenschaftspflicht<\/b><\/p>\n<p>Der Nutzer nimmt die Nutzung der Website auf eigenes Risiko vor. Die BCCH Group Switzerland AG haftet nicht f\u00fcr direkte oder indirekte Sch\u00e4den (einschliesslich Verlust \/ Ver\u00e4nderung \/ Zerst\u00f6rung von Daten, Informationen oder Programmen, die in Ihrem Computer gespeichert sind) und\/oder materielle und\/oder finanzielle Sch\u00e4den, die sich aus dem Zugriff auf oder der Nutzung dieser Site oder aller mit ihr verlinkten Sites ergeben.<\/p>\n<p>Die BCCH Group Switzerland AG \u00fcbernimmt weder implizit noch explizit die Verantwortung f\u00fcr den Inhalt der Site und gibt keine Garantie daf\u00fcr ab. Die BCCH Group Switzerland AG wird alle angemessenen Anstrengungen unternehmen, um die Richtigkeit und Zuverl\u00e4ssigkeit der Website zu gew\u00e4hrleisten, und wird sich bem\u00fchen, etwaige Fehler und Auslassungen schnellstm\u00f6glich zu beheben.<\/p>\n<p>Die Benutzer nehmen ausdr\u00fccklich zur Kenntnis und akzeptieren, dass die BCCH Group Switzerland AG nicht f\u00fcr direkte oder indirekte Sch\u00e4den, welcher Art auch immer, haftet, die aus dem Zugriff auf die Website &#8222;www.bcch.ch&#8220; und \/ oder der Nutzung der von ihr angebotenen Dienste entstehen.<\/p>\n<p>Bei h\u00f6herer Gewalt sind die BCCH Group Switzerland AG und \/ oder ihre Mitarbeiter oder Vertreter vollst\u00e4ndig von der Verantwortung befreit. F\u00e4lle h\u00f6herer Gewalt sind u.a. Betriebsst\u00f6rungen der technischen Anlagen, Ausfall der Internetverbindung, Ausfall der Telefonverbindung, Computerviren, Funktionsst\u00f6rungen der Systeme der Website, Betriebsst\u00f6rungen, Streiks, usw.<\/p>\n<p>Diese Website kann Links zu externen Websites enthalten, die nicht der Kontrolle und Verantwortung der BCCH Group Switzerland AG unterliegen. Wir sind daher nicht f\u00fcr den Inhalt dieser Sites verantwortlich.<\/p>\n<p><b>7. Geltendes Recht<\/b><\/p>\n<p>Diese allgemeinen Gesch\u00e4ftsbedingungen unterliegen dem schweizerischen Recht. Die Sprache der Allgemeinen Gesch\u00e4ftsbedingungen ist Englisch(DE). Im Falle eines Rechtsstreits sind ausschlie\u00dflich die Schweizer Beh\u00f6rden zust\u00e4ndig.<\/p>\n<p><b>8. Update der Allgemeinen Bedingungen<\/b><\/p>\n<p>Die &#8222;Allgemeinen Gesch\u00e4ftsbedingungen&#8220; stellen in ihrer Gesamtheit eine Vereinbarung zwischen Ihnen und der BCCH Group Switzerland AG in Bezug auf die Nutzung unserer Website dar. Die BCCH Group Switzerland AG hat das Recht, den Zugang zur Website und die allgemeinen Bedingungen jederzeit zu \u00e4ndern und zu aktualisieren. Wir bitten Sie daher, diese Rubrik regelm\u00e4ssig zu konsultieren, um die aktuellen Allgemeinen Bedingungen zu \u00fcberpr\u00fcfen.<\/p>\n\t\t\t\t\t\t<\/div>\n\t\t\t\t<\/div>\n\t\t\t\t\t<\/div>\n\t\t<\/div>\n\t\t\t\t\t\t\t<\/div>\n\t\t<\/section>\n\t\t\t\t\t\t\t<\/div>\n\t\t","protected":false},"excerpt":{"rendered":"<p>\u00dcber die BCCH-Gruppe Bedingungen und Konditionen Global. F\u00fchrend. Erstklassig. Bedingungen und Konditionen BCCH Group Switzerland AG Schweiz, BCCH Group Switzerland AG SA Frankreich, BCCH Group Switzerland AG SRL Rum\u00e4nien sind Teil der BCCH Group Switzerland AG, einer Organisation, die sich auf die Vermittlung des Verkaufs von Kraftfahrzeugen, Finanzierungsdienstleistungen f\u00fcr den Erwerb von Fahrzeugen und Autovermietungsdienstleistungen [&hellip;]<\/p>\n","protected":false},"author":1,"featured_media":0,"parent":0,"menu_order":5,"comment_status":"closed","ping_status":"closed","template":"","meta":[],"_links":{"self":[{"href":"https:\/\/bcch.ch\/de\/wp-json\/wp\/v2\/pages\/2530"}],"collection":[{"href":"https:\/\/bcch.ch\/de\/wp-json\/wp\/v2\/pages"}],"about":[{"href":"https:\/\/bcch.ch\/de\/wp-json\/wp\/v2\/types\/page"}],"author":[{"embeddable":true,"href":"https:\/\/bcch.ch\/de\/wp-json\/wp\/v2\/users\/1"}],"replies":[{"embeddable":true,"href":"https:\/\/bcch.ch\/de\/wp-json\/wp\/v2\/comments?post=2530"}],"version-history":[{"count":11,"href":"https:\/\/bcch.ch\/de\/wp-json\/wp\/v2\/pages\/2530\/revisions"}],"predecessor-version":[{"id":2812,"href":"https:\/\/bcch.ch\/de\/wp-json\/wp\/v2\/pages\/2530\/revisions\/2812"}],"wp:attachment":[{"href":"https:\/\/bcch.ch\/de\/wp-json\/wp\/v2\/media?parent=2530"}],"curies":[{"name":"wp","href":"https:\/\/api.w.org\/{rel}","templated":true}]}}