{"id":2437,"date":"2022-06-13T18:37:12","date_gmt":"2022-06-13T18:37:12","guid":{"rendered":"https:\/\/bcch.ch\/unsere-partner\/"},"modified":"2022-10-05T12:06:55","modified_gmt":"2022-10-05T12:06:55","slug":"unsere-partner","status":"publish","type":"page","link":"https:\/\/bcch.ch\/de\/immobilie\/unsere-partner\/","title":{"rendered":"Unsere Partner"},"content":{"rendered":"\t\t<div data-elementor-type=\"wp-page\" data-elementor-id=\"2437\" class=\"elementor elementor-2437 elementor-706\">\n\t\t\t\t\t\t\t\t\t<section class=\"elementor-section elementor-top-section elementor-element elementor-element-c406f1c elementor-section-height-min-height kenimage elementor-section-boxed elementor-section-height-default elementor-section-items-middle\" data-id=\"c406f1c\" data-element_type=\"section\" data-settings=\"{&quot;jet_parallax_layout_list&quot;:[]}\">\n\t\t\t\t\t\t\t<div class=\"elementor-background-overlay\"><\/div>\n\t\t\t\t\t\t\t<div class=\"elementor-container elementor-column-gap-no\">\n\t\t\t\t\t<div class=\"elementor-column elementor-col-50 elementor-top-column elementor-element elementor-element-f4d815f animated-slow elementor-invisible\" data-id=\"f4d815f\" data-element_type=\"column\" data-settings=\"{&quot;background_background&quot;:&quot;classic&quot;,&quot;animation&quot;:&quot;fadeInUp&quot;}\">\n\t\t\t<div class=\"elementor-widget-wrap elementor-element-populated\">\n\t\t\t\t\t\t\t\t<div class=\"elementor-element elementor-element-028799a elementor-widget elementor-widget-heading\" data-id=\"028799a\" data-element_type=\"widget\" data-widget_type=\"heading.default\">\n\t\t\t\t<div class=\"elementor-widget-container\">\n\t\t\t<h1 class=\"elementor-heading-title elementor-size-default\">Immobilie<\/h1>\t\t<\/div>\n\t\t\t\t<\/div>\n\t\t\t\t<div class=\"elementor-element elementor-element-6eb544c elementor-widget elementor-widget-heading\" data-id=\"6eb544c\" data-element_type=\"widget\" data-widget_type=\"heading.default\">\n\t\t\t\t<div class=\"elementor-widget-container\">\n\t\t\t<h2 class=\"elementor-heading-title elementor-size-default\">Unsere Partner<\/h2>\t\t<\/div>\n\t\t\t\t<\/div>\n\t\t\t\t<div class=\"elementor-element elementor-element-3c97e89 elementor-widget elementor-widget-heading\" data-id=\"3c97e89\" data-element_type=\"widget\" data-widget_type=\"heading.default\">\n\t\t\t\t<div class=\"elementor-widget-container\">\n\t\t\t<h3 class=\"elementor-heading-title elementor-size-default\">Global. F\u00fchrend. Erstklassig.<\/h3>\t\t<\/div>\n\t\t\t\t<\/div>\n\t\t\t\t\t<\/div>\n\t\t<\/div>\n\t\t\t\t<div class=\"elementor-column elementor-col-50 elementor-top-column elementor-element elementor-element-f236140 elementor-hidden-mobile\" data-id=\"f236140\" data-element_type=\"column\">\n\t\t\t<div class=\"elementor-widget-wrap\">\n\t\t\t\t\t\t\t\t\t<\/div>\n\t\t<\/div>\n\t\t\t\t\t\t\t<\/div>\n\t\t<\/section>\n\t\t\t\t<section class=\"elementor-section elementor-top-section elementor-element elementor-element-7caa54c elementor-hidden-tablet elementor-hidden-mobile elementor-section-boxed elementor-section-height-default elementor-section-height-default\" data-id=\"7caa54c\" data-element_type=\"section\" data-settings=\"{&quot;jet_parallax_layout_list&quot;:[],&quot;background_background&quot;:&quot;classic&quot;}\">\n\t\t\t\t\t\t<div class=\"elementor-container elementor-column-gap-no\">\n\t\t\t\t\t<div class=\"elementor-column elementor-col-100 elementor-top-column elementor-element elementor-element-b51a591\" data-id=\"b51a591\" data-element_type=\"column\">\n\t\t\t<div class=\"elementor-widget-wrap elementor-element-populated\">\n\t\t\t\t\t\t\t\t<div class=\"elementor-element elementor-element-115f600 elementor-nav-menu--dropdown-tablet elementor-nav-menu__text-align-aside elementor-nav-menu--toggle elementor-nav-menu--burger elementor-widget elementor-widget-nav-menu\" data-id=\"115f600\" data-element_type=\"widget\" data-settings=\"{&quot;layout&quot;:&quot;horizontal&quot;,&quot;submenu_icon&quot;:{&quot;value&quot;:&quot;&lt;i class=\\&quot;fas fa-caret-down\\&quot;&gt;&lt;\\\/i&gt;&quot;,&quot;library&quot;:&quot;fa-solid&quot;},&quot;toggle&quot;:&quot;burger&quot;}\" data-widget_type=\"nav-menu.default\">\n\t\t\t\t<div class=\"elementor-widget-container\">\n\t\t\t\t\t\t<nav migration_allowed=\"1\" migrated=\"0\" role=\"navigation\" class=\"elementor-nav-menu--main elementor-nav-menu__container elementor-nav-menu--layout-horizontal e--pointer-underline e--animation-fade\">\n\t\t\t\t<ul id=\"menu-1-115f600\" class=\"elementor-nav-menu\"><li class=\"menu-item menu-item-type-post_type menu-item-object-page menu-item-2680\"><a href=\"https:\/\/bcch.ch\/de\/immobilie\/ueberblick\/\" class=\"elementor-item\">\u00dcberblick<\/a><\/li>\n<li class=\"menu-item menu-item-type-post_type menu-item-object-page menu-item-2681\"><a href=\"https:\/\/bcch.ch\/de\/immobilie\/unsere-vision-und-unser-ethos\/\" class=\"elementor-item\">Unsere Vision und unser Ethos<\/a><\/li>\n<li class=\"menu-item menu-item-type-post_type menu-item-object-page menu-item-2682\"><a href=\"https:\/\/bcch.ch\/de\/immobilie\/unser-ansatz\/\" class=\"elementor-item\">Unser Ansatz<\/a><\/li>\n<li class=\"menu-item menu-item-type-post_type menu-item-object-page menu-item-2683\"><a href=\"https:\/\/bcch.ch\/de\/immobilie\/wie-wir-es-tun\/\" class=\"elementor-item\">Wie wir es tun<\/a><\/li>\n<li class=\"menu-item menu-item-type-post_type menu-item-object-page menu-item-2690\"><a href=\"https:\/\/bcch.ch\/de\/immobilie\/unsere-partner\/\" class=\"elementor-item\">Unsere Partner<\/a><\/li>\n<\/ul>\t\t\t<\/nav>\n\t\t\t\t\t<div class=\"elementor-menu-toggle\" role=\"button\" tabindex=\"0\" aria-label=\"Menu Toggle\" aria-expanded=\"false\">\n\t\t\t<i aria-hidden=\"true\" role=\"presentation\" class=\"elementor-menu-toggle__icon--open eicon-menu-bar\"><\/i><i aria-hidden=\"true\" role=\"presentation\" class=\"elementor-menu-toggle__icon--close eicon-close\"><\/i>\t\t\t<span class=\"elementor-screen-only\">Men\u00fc<\/span>\n\t\t<\/div>\n\t\t\t<nav class=\"elementor-nav-menu--dropdown elementor-nav-menu__container\" role=\"navigation\" aria-hidden=\"true\">\n\t\t\t\t<ul id=\"menu-2-115f600\" class=\"elementor-nav-menu\"><li class=\"menu-item menu-item-type-post_type menu-item-object-page menu-item-2680\"><a href=\"https:\/\/bcch.ch\/de\/immobilie\/ueberblick\/\" class=\"elementor-item\" tabindex=\"-1\">\u00dcberblick<\/a><\/li>\n<li class=\"menu-item menu-item-type-post_type menu-item-object-page menu-item-2681\"><a href=\"https:\/\/bcch.ch\/de\/immobilie\/unsere-vision-und-unser-ethos\/\" class=\"elementor-item\" tabindex=\"-1\">Unsere Vision und unser Ethos<\/a><\/li>\n<li class=\"menu-item menu-item-type-post_type menu-item-object-page menu-item-2682\"><a href=\"https:\/\/bcch.ch\/de\/immobilie\/unser-ansatz\/\" class=\"elementor-item\" tabindex=\"-1\">Unser Ansatz<\/a><\/li>\n<li class=\"menu-item menu-item-type-post_type menu-item-object-page menu-item-2683\"><a href=\"https:\/\/bcch.ch\/de\/immobilie\/wie-wir-es-tun\/\" class=\"elementor-item\" tabindex=\"-1\">Wie wir es tun<\/a><\/li>\n<li class=\"menu-item menu-item-type-post_type menu-item-object-page menu-item-2690\"><a href=\"https:\/\/bcch.ch\/de\/immobilie\/unsere-partner\/\" class=\"elementor-item\" tabindex=\"-1\">Unsere Partner<\/a><\/li>\n<\/ul>\t\t\t<\/nav>\n\t\t\t\t<\/div>\n\t\t\t\t<\/div>\n\t\t\t\t\t<\/div>\n\t\t<\/div>\n\t\t\t\t\t\t\t<\/div>\n\t\t<\/section>\n\t\t\t\t<section class=\"elementor-section elementor-top-section elementor-element elementor-element-563e294 elementor-section-boxed elementor-section-height-default elementor-section-height-default\" data-id=\"563e294\" data-element_type=\"section\" data-settings=\"{&quot;jet_parallax_layout_list&quot;:[],&quot;background_background&quot;:&quot;classic&quot;}\">\n\t\t\t\t\t\t<div class=\"elementor-container elementor-column-gap-no\">\n\t\t\t\t\t<div class=\"elementor-column elementor-col-100 elementor-top-column elementor-element elementor-element-d511a77\" data-id=\"d511a77\" data-element_type=\"column\">\n\t\t\t<div class=\"elementor-widget-wrap elementor-element-populated\">\n\t\t\t\t\t\t\t\t<div class=\"elementor-element elementor-element-1d99c0a elementor-widget elementor-widget-text-editor\" data-id=\"1d99c0a\" data-element_type=\"widget\" data-widget_type=\"text-editor.default\">\n\t\t\t\t<div class=\"elementor-widget-container\">\n\t\t\t\t\t\t\t<p>Die BCCH Group Switzerland versucht sicherzustellen, dass sich ihr Fokus auf Qualit\u00e4t, Professionalit\u00e4t und Lieferung auch in den Unternehmen widerspiegelt, mit denen sie zusammenarbeitet.<\/p>\n\t\t\t\t\t\t<\/div>\n\t\t\t\t<\/div>\n\t\t\t\t\t<\/div>\n\t\t<\/div>\n\t\t\t\t\t\t\t<\/div>\n\t\t<\/section>\n\t\t\t\t<section class=\"elementor-section elementor-top-section elementor-element elementor-element-f9fb6eb elementor-section-boxed elementor-section-height-default elementor-section-height-default\" data-id=\"f9fb6eb\" data-element_type=\"section\" data-settings=\"{&quot;jet_parallax_layout_list&quot;:[],&quot;background_background&quot;:&quot;classic&quot;}\">\n\t\t\t\t\t\t<div class=\"elementor-container elementor-column-gap-no\">\n\t\t\t\t\t<div class=\"elementor-column elementor-col-100 elementor-top-column elementor-element elementor-element-d996ba3\" data-id=\"d996ba3\" data-element_type=\"column\">\n\t\t\t<div class=\"elementor-widget-wrap elementor-element-populated\">\n\t\t\t\t\t\t\t\t<div class=\"elementor-element elementor-element-3f089c3 elementor-widget elementor-widget-image\" data-id=\"3f089c3\" data-element_type=\"widget\" data-widget_type=\"image.default\">\n\t\t\t\t<div class=\"elementor-widget-container\">\n\t\t\t\t\t\t\t\t\t\t\t\t\t\t\t<img decoding=\"async\" width=\"800\" height=\"450\" src=\"https:\/\/bcch.ch\/wp-content\/uploads\/2022\/07\/daniel-mccullough-HtBlQdxfG9k-unsplash-1024x576.jpg\" class=\"attachment-large size-large\" alt=\"\" loading=\"lazy\" srcset=\"https:\/\/bcch.ch\/wp-content\/uploads\/2022\/07\/daniel-mccullough-HtBlQdxfG9k-unsplash-1024x576.jpg 1024w, https:\/\/bcch.ch\/wp-content\/uploads\/2022\/07\/daniel-mccullough-HtBlQdxfG9k-unsplash-300x169.jpg 300w, https:\/\/bcch.ch\/wp-content\/uploads\/2022\/07\/daniel-mccullough-HtBlQdxfG9k-unsplash-768x432.jpg 768w, https:\/\/bcch.ch\/wp-content\/uploads\/2022\/07\/daniel-mccullough-HtBlQdxfG9k-unsplash-1536x864.jpg 1536w, https:\/\/bcch.ch\/wp-content\/uploads\/2022\/07\/daniel-mccullough-HtBlQdxfG9k-unsplash-2048x1152.jpg 2048w\" sizes=\"(max-width: 800px) 100vw, 800px\" \/>\t\t\t\t\t\t\t\t\t\t\t\t\t\t\t<\/div>\n\t\t\t\t<\/div>\n\t\t\t\t<div class=\"elementor-element elementor-element-c2d0dc1 elementor-widget__width-initial elementor-widget elementor-widget-text-editor\" data-id=\"c2d0dc1\" data-element_type=\"widget\" data-widget_type=\"text-editor.default\">\n\t\t\t\t<div class=\"elementor-widget-container\">\n\t\t\t\t\t\t\t<p>Wir glauben, dass Partnerschaften in jeder Phase des Entwicklungs- und Investitionszyklus von grundlegender Bedeutung f\u00fcr den Erfolg sind. <\/p>\n\t\t\t\t\t\t<\/div>\n\t\t\t\t<\/div>\n\t\t\t\t\t<\/div>\n\t\t<\/div>\n\t\t\t\t\t\t\t<\/div>\n\t\t<\/section>\n\t\t\t\t<section class=\"elementor-section elementor-top-section elementor-element elementor-element-15d2e19 elementor-section-boxed elementor-section-height-default elementor-section-height-default\" data-id=\"15d2e19\" data-element_type=\"section\" data-settings=\"{&quot;jet_parallax_layout_list&quot;:[],&quot;background_background&quot;:&quot;classic&quot;}\">\n\t\t\t\t\t\t<div class=\"elementor-container elementor-column-gap-no\">\n\t\t\t\t\t<div class=\"elementor-column elementor-col-100 elementor-top-column elementor-element elementor-element-3a0c1a8\" data-id=\"3a0c1a8\" data-element_type=\"column\">\n\t\t\t<div class=\"elementor-widget-wrap elementor-element-populated\">\n\t\t\t\t\t\t\t\t<div class=\"elementor-element elementor-element-2bbe73a elementor-widget elementor-widget-image\" data-id=\"2bbe73a\" data-element_type=\"widget\" data-widget_type=\"image.default\">\n\t\t\t\t<div class=\"elementor-widget-container\">\n\t\t\t\t\t\t\t\t\t\t\t\t\t\t\t<img decoding=\"async\" width=\"800\" height=\"534\" src=\"https:\/\/bcch.ch\/wp-content\/uploads\/2022\/07\/evgeniy-surzhan-lVWozBOVY2M-unsplash-1024x683.jpg\" class=\"attachment-large size-large\" alt=\"\" loading=\"lazy\" srcset=\"https:\/\/bcch.ch\/wp-content\/uploads\/2022\/07\/evgeniy-surzhan-lVWozBOVY2M-unsplash-1024x683.jpg 1024w, https:\/\/bcch.ch\/wp-content\/uploads\/2022\/07\/evgeniy-surzhan-lVWozBOVY2M-unsplash-300x200.jpg 300w, https:\/\/bcch.ch\/wp-content\/uploads\/2022\/07\/evgeniy-surzhan-lVWozBOVY2M-unsplash-768x512.jpg 768w, https:\/\/bcch.ch\/wp-content\/uploads\/2022\/07\/evgeniy-surzhan-lVWozBOVY2M-unsplash-1536x1024.jpg 1536w, https:\/\/bcch.ch\/wp-content\/uploads\/2022\/07\/evgeniy-surzhan-lVWozBOVY2M-unsplash-2048x1365.jpg 2048w\" sizes=\"(max-width: 800px) 100vw, 800px\" \/>\t\t\t\t\t\t\t\t\t\t\t\t\t\t\t<\/div>\n\t\t\t\t<\/div>\n\t\t\t\t<div class=\"elementor-element elementor-element-3489500 elementor-widget__width-initial elementor-widget elementor-widget-text-editor\" data-id=\"3489500\" data-element_type=\"widget\" data-widget_type=\"text-editor.default\">\n\t\t\t\t<div class=\"elementor-widget-container\">\n\t\t\t\t\t\t\t<p>Wir sind bestrebt, mit Geldgebern, Planern, Bauunternehmern und Maklern zusammenzuarbeiten, die unsere Ambitionen und unser Engagement f\u00fcr die Realisierung hochwertiger, nachhaltiger Geb\u00e4ude teilen.<\/p>\n\t\t\t\t\t\t<\/div>\n\t\t\t\t<\/div>\n\t\t\t\t\t<\/div>\n\t\t<\/div>\n\t\t\t\t\t\t\t<\/div>\n\t\t<\/section>\n\t\t\t\t\t\t\t<\/div>\n\t\t","protected":false},"excerpt":{"rendered":"<p>Immobilie Unsere Partner Global. F\u00fchrend. Erstklassig. Die BCCH Group Switzerland versucht sicherzustellen, dass sich ihr Fokus auf Qualit\u00e4t, Professionalit\u00e4t und Lieferung auch in den Unternehmen widerspiegelt, mit denen sie zusammenarbeitet. Wir glauben, dass Partnerschaften in jeder Phase des Entwicklungs- und Investitionszyklus von grundlegender Bedeutung f\u00fcr den Erfolg sind. Wir sind bestrebt, mit Geldgebern, Planern, Bauunternehmern [&hellip;]<\/p>\n","protected":false},"author":1,"featured_media":0,"parent":2465,"menu_order":4,"comment_status":"closed","ping_status":"closed","template":"elementor_header_footer","meta":[],"_links":{"self":[{"href":"https:\/\/bcch.ch\/de\/wp-json\/wp\/v2\/pages\/2437"}],"collection":[{"href":"https:\/\/bcch.ch\/de\/wp-json\/wp\/v2\/pages"}],"about":[{"href":"https:\/\/bcch.ch\/de\/wp-json\/wp\/v2\/types\/page"}],"author":[{"embeddable":true,"href":"https:\/\/bcch.ch\/de\/wp-json\/wp\/v2\/users\/1"}],"replies":[{"embeddable":true,"href":"https:\/\/bcch.ch\/de\/wp-json\/wp\/v2\/comments?post=2437"}],"version-history":[{"count":1,"href":"https:\/\/bcch.ch\/de\/wp-json\/wp\/v2\/pages\/2437\/revisions"}],"predecessor-version":[{"id":2438,"href":"https:\/\/bcch.ch\/de\/wp-json\/wp\/v2\/pages\/2437\/revisions\/2438"}],"up":[{"embeddable":true,"href":"https:\/\/bcch.ch\/de\/wp-json\/wp\/v2\/pages\/2465"}],"wp:attachment":[{"href":"https:\/\/bcch.ch\/de\/wp-json\/wp\/v2\/media?parent=2437"}],"curies":[{"name":"wp","href":"https:\/\/api.w.org\/{rel}","templated":true}]}}