{"id":2389,"date":"2022-06-13T18:23:03","date_gmt":"2022-06-13T18:23:03","guid":{"rendered":"https:\/\/bcch.ch\/unser-ansatz\/"},"modified":"2022-10-04T17:14:05","modified_gmt":"2022-10-04T17:14:05","slug":"unser-ansatz","status":"publish","type":"page","link":"https:\/\/bcch.ch\/de\/immobilie\/unser-ansatz\/","title":{"rendered":"Unser Ansatz"},"content":{"rendered":"\t\t<div data-elementor-type=\"wp-page\" data-elementor-id=\"2389\" class=\"elementor elementor-2389 elementor-690\">\n\t\t\t\t\t\t\t\t\t<section class=\"elementor-section elementor-top-section elementor-element elementor-element-c406f1c elementor-section-height-min-height kenimage elementor-section-boxed elementor-section-height-default elementor-section-items-middle\" data-id=\"c406f1c\" data-element_type=\"section\" data-settings=\"{&quot;jet_parallax_layout_list&quot;:[],&quot;background_background&quot;:&quot;classic&quot;}\">\n\t\t\t\t\t\t\t<div class=\"elementor-background-overlay\"><\/div>\n\t\t\t\t\t\t\t<div class=\"elementor-container elementor-column-gap-no\">\n\t\t\t\t\t<div class=\"elementor-column elementor-col-50 elementor-top-column elementor-element elementor-element-f4d815f animated-slow elementor-invisible\" data-id=\"f4d815f\" data-element_type=\"column\" data-settings=\"{&quot;background_background&quot;:&quot;classic&quot;,&quot;animation&quot;:&quot;fadeInUp&quot;}\">\n\t\t\t<div class=\"elementor-widget-wrap elementor-element-populated\">\n\t\t\t\t\t\t\t\t<div class=\"elementor-element elementor-element-028799a elementor-widget elementor-widget-heading\" data-id=\"028799a\" data-element_type=\"widget\" data-widget_type=\"heading.default\">\n\t\t\t\t<div class=\"elementor-widget-container\">\n\t\t\t<h1 class=\"elementor-heading-title elementor-size-default\">Immobilie<\/h1>\t\t<\/div>\n\t\t\t\t<\/div>\n\t\t\t\t<div class=\"elementor-element elementor-element-6eb544c elementor-widget elementor-widget-heading\" data-id=\"6eb544c\" data-element_type=\"widget\" data-widget_type=\"heading.default\">\n\t\t\t\t<div class=\"elementor-widget-container\">\n\t\t\t<h2 class=\"elementor-heading-title elementor-size-default\">Unser Ansatz<\/h2>\t\t<\/div>\n\t\t\t\t<\/div>\n\t\t\t\t<div class=\"elementor-element elementor-element-3c97e89 elementor-widget elementor-widget-heading\" data-id=\"3c97e89\" data-element_type=\"widget\" data-widget_type=\"heading.default\">\n\t\t\t\t<div class=\"elementor-widget-container\">\n\t\t\t<h3 class=\"elementor-heading-title elementor-size-default\">Global. F\u00fchrend. Erstklassig.<\/h3>\t\t<\/div>\n\t\t\t\t<\/div>\n\t\t\t\t\t<\/div>\n\t\t<\/div>\n\t\t\t\t<div class=\"elementor-column elementor-col-50 elementor-top-column elementor-element elementor-element-f236140 elementor-hidden-mobile\" data-id=\"f236140\" data-element_type=\"column\">\n\t\t\t<div class=\"elementor-widget-wrap\">\n\t\t\t\t\t\t\t\t\t<\/div>\n\t\t<\/div>\n\t\t\t\t\t\t\t<\/div>\n\t\t<\/section>\n\t\t\t\t<section class=\"elementor-section elementor-top-section elementor-element elementor-element-7caa54c elementor-hidden-tablet elementor-hidden-mobile elementor-section-boxed elementor-section-height-default elementor-section-height-default\" data-id=\"7caa54c\" data-element_type=\"section\" data-settings=\"{&quot;jet_parallax_layout_list&quot;:[],&quot;background_background&quot;:&quot;classic&quot;}\">\n\t\t\t\t\t\t<div class=\"elementor-container elementor-column-gap-no\">\n\t\t\t\t\t<div class=\"elementor-column elementor-col-100 elementor-top-column elementor-element elementor-element-b51a591\" data-id=\"b51a591\" data-element_type=\"column\">\n\t\t\t<div class=\"elementor-widget-wrap elementor-element-populated\">\n\t\t\t\t\t\t\t\t<div class=\"elementor-element elementor-element-115f600 elementor-nav-menu--dropdown-tablet elementor-nav-menu__text-align-aside elementor-nav-menu--toggle elementor-nav-menu--burger elementor-widget elementor-widget-nav-menu\" data-id=\"115f600\" data-element_type=\"widget\" data-settings=\"{&quot;layout&quot;:&quot;horizontal&quot;,&quot;submenu_icon&quot;:{&quot;value&quot;:&quot;&lt;i class=\\&quot;fas fa-caret-down\\&quot;&gt;&lt;\\\/i&gt;&quot;,&quot;library&quot;:&quot;fa-solid&quot;},&quot;toggle&quot;:&quot;burger&quot;}\" data-widget_type=\"nav-menu.default\">\n\t\t\t\t<div class=\"elementor-widget-container\">\n\t\t\t\t\t\t<nav migration_allowed=\"1\" migrated=\"0\" role=\"navigation\" class=\"elementor-nav-menu--main elementor-nav-menu__container elementor-nav-menu--layout-horizontal e--pointer-underline e--animation-fade\">\n\t\t\t\t<ul id=\"menu-1-115f600\" class=\"elementor-nav-menu\"><li class=\"menu-item menu-item-type-post_type menu-item-object-page menu-item-2680\"><a href=\"https:\/\/bcch.ch\/de\/immobilie\/ueberblick\/\" class=\"elementor-item\">\u00dcberblick<\/a><\/li>\n<li class=\"menu-item menu-item-type-post_type menu-item-object-page menu-item-2681\"><a href=\"https:\/\/bcch.ch\/de\/immobilie\/unsere-vision-und-unser-ethos\/\" class=\"elementor-item\">Unsere Vision und unser Ethos<\/a><\/li>\n<li class=\"menu-item menu-item-type-post_type menu-item-object-page menu-item-2682\"><a href=\"https:\/\/bcch.ch\/de\/immobilie\/unser-ansatz\/\" class=\"elementor-item\">Unser Ansatz<\/a><\/li>\n<li class=\"menu-item menu-item-type-post_type menu-item-object-page menu-item-2683\"><a href=\"https:\/\/bcch.ch\/de\/immobilie\/wie-wir-es-tun\/\" class=\"elementor-item\">Wie wir es tun<\/a><\/li>\n<li class=\"menu-item menu-item-type-post_type menu-item-object-page menu-item-2690\"><a href=\"https:\/\/bcch.ch\/de\/immobilie\/unsere-partner\/\" class=\"elementor-item\">Unsere Partner<\/a><\/li>\n<\/ul>\t\t\t<\/nav>\n\t\t\t\t\t<div class=\"elementor-menu-toggle\" role=\"button\" tabindex=\"0\" aria-label=\"Menu Toggle\" aria-expanded=\"false\">\n\t\t\t<i aria-hidden=\"true\" role=\"presentation\" class=\"elementor-menu-toggle__icon--open eicon-menu-bar\"><\/i><i aria-hidden=\"true\" role=\"presentation\" class=\"elementor-menu-toggle__icon--close eicon-close\"><\/i>\t\t\t<span class=\"elementor-screen-only\">Men\u00fc<\/span>\n\t\t<\/div>\n\t\t\t<nav class=\"elementor-nav-menu--dropdown elementor-nav-menu__container\" role=\"navigation\" aria-hidden=\"true\">\n\t\t\t\t<ul id=\"menu-2-115f600\" class=\"elementor-nav-menu\"><li class=\"menu-item menu-item-type-post_type menu-item-object-page menu-item-2680\"><a href=\"https:\/\/bcch.ch\/de\/immobilie\/ueberblick\/\" class=\"elementor-item\" tabindex=\"-1\">\u00dcberblick<\/a><\/li>\n<li class=\"menu-item menu-item-type-post_type menu-item-object-page menu-item-2681\"><a href=\"https:\/\/bcch.ch\/de\/immobilie\/unsere-vision-und-unser-ethos\/\" class=\"elementor-item\" tabindex=\"-1\">Unsere Vision und unser Ethos<\/a><\/li>\n<li class=\"menu-item menu-item-type-post_type menu-item-object-page menu-item-2682\"><a href=\"https:\/\/bcch.ch\/de\/immobilie\/unser-ansatz\/\" class=\"elementor-item\" tabindex=\"-1\">Unser Ansatz<\/a><\/li>\n<li class=\"menu-item menu-item-type-post_type menu-item-object-page menu-item-2683\"><a href=\"https:\/\/bcch.ch\/de\/immobilie\/wie-wir-es-tun\/\" class=\"elementor-item\" tabindex=\"-1\">Wie wir es tun<\/a><\/li>\n<li class=\"menu-item menu-item-type-post_type menu-item-object-page menu-item-2690\"><a href=\"https:\/\/bcch.ch\/de\/immobilie\/unsere-partner\/\" class=\"elementor-item\" tabindex=\"-1\">Unsere Partner<\/a><\/li>\n<\/ul>\t\t\t<\/nav>\n\t\t\t\t<\/div>\n\t\t\t\t<\/div>\n\t\t\t\t\t<\/div>\n\t\t<\/div>\n\t\t\t\t\t\t\t<\/div>\n\t\t<\/section>\n\t\t\t\t<section class=\"elementor-section elementor-top-section elementor-element elementor-element-5d7e662 elementor-section-boxed elementor-section-height-default elementor-section-height-default\" data-id=\"5d7e662\" data-element_type=\"section\" data-settings=\"{&quot;jet_parallax_layout_list&quot;:[],&quot;background_background&quot;:&quot;classic&quot;}\">\n\t\t\t\t\t\t<div class=\"elementor-container elementor-column-gap-no\">\n\t\t\t\t\t<div class=\"elementor-column elementor-col-100 elementor-top-column elementor-element elementor-element-2e2c3d9\" data-id=\"2e2c3d9\" data-element_type=\"column\">\n\t\t\t<div class=\"elementor-widget-wrap elementor-element-populated\">\n\t\t\t\t\t\t\t\t<div class=\"elementor-element elementor-element-3427ea5 elementor-widget elementor-widget-text-editor\" data-id=\"3427ea5\" data-element_type=\"widget\" data-widget_type=\"text-editor.default\">\n\t\t\t\t<div class=\"elementor-widget-container\">\n\t\t\t\t\t\t\t<p>Wir nutzen unsere umfassende Kenntnis der europ\u00e4ischen und asiatischen Immobilienm\u00e4rkte und unsere umfangreichen Kontakte, um Geb\u00e4ude und Entwicklungsstandorte zu identifizieren, die eines oder beide der folgenden Merkmale aufweisen:<\/p>\n\t\t\t\t\t\t<\/div>\n\t\t\t\t<\/div>\n\t\t\t\t\t<\/div>\n\t\t<\/div>\n\t\t\t\t\t\t\t<\/div>\n\t\t<\/section>\n\t\t\t\t<section class=\"elementor-section elementor-top-section elementor-element elementor-element-c52b5bc elementor-section-boxed elementor-section-height-default elementor-section-height-default\" data-id=\"c52b5bc\" data-element_type=\"section\" data-settings=\"{&quot;jet_parallax_layout_list&quot;:[],&quot;background_background&quot;:&quot;classic&quot;}\">\n\t\t\t\t\t\t<div class=\"elementor-container elementor-column-gap-no\">\n\t\t\t\t\t<div class=\"elementor-column elementor-col-100 elementor-top-column elementor-element elementor-element-7f04947\" data-id=\"7f04947\" data-element_type=\"column\">\n\t\t\t<div class=\"elementor-widget-wrap elementor-element-populated\">\n\t\t\t\t\t\t\t\t<div class=\"elementor-element elementor-element-1255732 elementor-widget elementor-widget-image\" data-id=\"1255732\" data-element_type=\"widget\" data-widget_type=\"image.default\">\n\t\t\t\t<div class=\"elementor-widget-container\">\n\t\t\t\t\t\t\t\t\t\t\t\t\t\t\t<img decoding=\"async\" width=\"800\" height=\"534\" src=\"https:\/\/bcch.ch\/wp-content\/uploads\/2022\/07\/iStock-155284228-1024x683.jpg\" class=\"attachment-large size-large\" alt=\"\" loading=\"lazy\" srcset=\"https:\/\/bcch.ch\/wp-content\/uploads\/2022\/07\/iStock-155284228-1024x683.jpg 1024w, https:\/\/bcch.ch\/wp-content\/uploads\/2022\/07\/iStock-155284228-300x200.jpg 300w, https:\/\/bcch.ch\/wp-content\/uploads\/2022\/07\/iStock-155284228-768x512.jpg 768w, https:\/\/bcch.ch\/wp-content\/uploads\/2022\/07\/iStock-155284228-1536x1024.jpg 1536w, https:\/\/bcch.ch\/wp-content\/uploads\/2022\/07\/iStock-155284228-2048x1365.jpg 2048w\" sizes=\"(max-width: 800px) 100vw, 800px\" \/>\t\t\t\t\t\t\t\t\t\t\t\t\t\t\t<\/div>\n\t\t\t\t<\/div>\n\t\t\t\t<div class=\"elementor-element elementor-element-e43a2af elementor-widget__width-initial elementor-widget elementor-widget-text-editor\" data-id=\"e43a2af\" data-element_type=\"widget\" data-widget_type=\"text-editor.default\">\n\t\t\t\t<div class=\"elementor-widget-container\">\n\t\t\t\t\t\t\t<p>Gelegenheiten, die es uns erm\u00f6glichen, unser Fachwissen im Asset Management zur Wertsteigerung einzusetzen. Wir setzen klares, strategisches Denken neben forensischem, praktischem Management ein, um den Wert der von uns entwickelten und verwalteten Objekte zu steigern.<\/p>\n\t\t\t\t\t\t<\/div>\n\t\t\t\t<\/div>\n\t\t\t\t\t<\/div>\n\t\t<\/div>\n\t\t\t\t\t\t\t<\/div>\n\t\t<\/section>\n\t\t\t\t<section class=\"elementor-section elementor-top-section elementor-element elementor-element-df88e28 elementor-section-boxed elementor-section-height-default elementor-section-height-default\" data-id=\"df88e28\" data-element_type=\"section\" data-settings=\"{&quot;jet_parallax_layout_list&quot;:[],&quot;background_background&quot;:&quot;classic&quot;}\">\n\t\t\t\t\t\t<div class=\"elementor-container elementor-column-gap-no\">\n\t\t\t\t\t<div class=\"elementor-column elementor-col-100 elementor-top-column elementor-element elementor-element-7b9fd43\" data-id=\"7b9fd43\" data-element_type=\"column\">\n\t\t\t<div class=\"elementor-widget-wrap elementor-element-populated\">\n\t\t\t\t\t\t\t\t<div class=\"elementor-element elementor-element-5c69cdf elementor-widget elementor-widget-image\" data-id=\"5c69cdf\" data-element_type=\"widget\" data-widget_type=\"image.default\">\n\t\t\t\t<div class=\"elementor-widget-container\">\n\t\t\t\t\t\t\t\t\t\t\t\t\t\t\t<img decoding=\"async\" width=\"800\" height=\"450\" src=\"https:\/\/bcch.ch\/wp-content\/uploads\/2022\/07\/Tannay-84-1024x576.jpg\" class=\"attachment-large size-large\" alt=\"\" loading=\"lazy\" srcset=\"https:\/\/bcch.ch\/wp-content\/uploads\/2022\/07\/Tannay-84-1024x576.jpg 1024w, https:\/\/bcch.ch\/wp-content\/uploads\/2022\/07\/Tannay-84-300x169.jpg 300w, https:\/\/bcch.ch\/wp-content\/uploads\/2022\/07\/Tannay-84-768x432.jpg 768w, https:\/\/bcch.ch\/wp-content\/uploads\/2022\/07\/Tannay-84-1536x864.jpg 1536w, https:\/\/bcch.ch\/wp-content\/uploads\/2022\/07\/Tannay-84-2048x1152.jpg 2048w\" sizes=\"(max-width: 800px) 100vw, 800px\" \/>\t\t\t\t\t\t\t\t\t\t\t\t\t\t\t<\/div>\n\t\t\t\t<\/div>\n\t\t\t\t<div class=\"elementor-element elementor-element-07a00e5 elementor-widget__width-initial elementor-widget elementor-widget-text-editor\" data-id=\"07a00e5\" data-element_type=\"widget\" data-widget_type=\"text-editor.default\">\n\t\t\t\t<div class=\"elementor-widget-container\">\n\t\t\t\t\t\t\t<p>Gelegenheiten, die das Potenzial f\u00fcr ein \u00fcberdurchschnittliches Wachstum&#8220; bieten. Dies kann auf ver\u00e4nderte Angebot-Nachfrage-Eigenschaften in einem bestimmten Sektor oder Teilmarkt, auf verst\u00e4rkte Investitionen in die lokale Infrastruktur oder auf ver\u00e4nderte soziale oder demografische Trends zur\u00fcckzuf\u00fchren sein.<\/p>\n\t\t\t\t\t\t<\/div>\n\t\t\t\t<\/div>\n\t\t\t\t\t<\/div>\n\t\t<\/div>\n\t\t\t\t\t\t\t<\/div>\n\t\t<\/section>\n\t\t\t\t\t\t\t<\/div>\n\t\t","protected":false},"excerpt":{"rendered":"<p>Immobilie Unser Ansatz Global. F\u00fchrend. Erstklassig. Wir nutzen unsere umfassende Kenntnis der europ\u00e4ischen und asiatischen Immobilienm\u00e4rkte und unsere umfangreichen Kontakte, um Geb\u00e4ude und Entwicklungsstandorte zu identifizieren, die eines oder beide der folgenden Merkmale aufweisen: Gelegenheiten, die es uns erm\u00f6glichen, unser Fachwissen im Asset Management zur Wertsteigerung einzusetzen. Wir setzen klares, strategisches Denken neben forensischem, praktischem [&hellip;]<\/p>\n","protected":false},"author":1,"featured_media":0,"parent":2465,"menu_order":2,"comment_status":"closed","ping_status":"closed","template":"elementor_header_footer","meta":[],"_links":{"self":[{"href":"https:\/\/bcch.ch\/de\/wp-json\/wp\/v2\/pages\/2389"}],"collection":[{"href":"https:\/\/bcch.ch\/de\/wp-json\/wp\/v2\/pages"}],"about":[{"href":"https:\/\/bcch.ch\/de\/wp-json\/wp\/v2\/types\/page"}],"author":[{"embeddable":true,"href":"https:\/\/bcch.ch\/de\/wp-json\/wp\/v2\/users\/1"}],"replies":[{"embeddable":true,"href":"https:\/\/bcch.ch\/de\/wp-json\/wp\/v2\/comments?post=2389"}],"version-history":[{"count":3,"href":"https:\/\/bcch.ch\/de\/wp-json\/wp\/v2\/pages\/2389\/revisions"}],"predecessor-version":[{"id":2392,"href":"https:\/\/bcch.ch\/de\/wp-json\/wp\/v2\/pages\/2389\/revisions\/2392"}],"up":[{"embeddable":true,"href":"https:\/\/bcch.ch\/de\/wp-json\/wp\/v2\/pages\/2465"}],"wp:attachment":[{"href":"https:\/\/bcch.ch\/de\/wp-json\/wp\/v2\/media?parent=2389"}],"curies":[{"name":"wp","href":"https:\/\/api.w.org\/{rel}","templated":true}]}}